{"id":104,"date":"2024-06-20T09:08:47","date_gmt":"2024-06-20T07:08:47","guid":{"rendered":"https:\/\/getthebeatlesback.com\/?page_id=104"},"modified":"2026-04-20T10:09:40","modified_gmt":"2026-04-20T08:09:40","slug":"tour","status":"publish","type":"page","link":"https:\/\/getthebeatlesback.com\/index.php\/tour\/","title":{"rendered":"TOUR"},"content":{"rendered":"\n<h1 class=\"wp-block-heading\">2026 <\/h1>\n\n\n\n<ul class=\"wp-block-list\">\n<li>26\/08\/2026 &#8211; Coudoux (13)<\/li>\n\n\n\n<li>17\/08\/2026 &#8211; Pertuis (84)<\/li>\n\n\n\n<li>14\/08\/2026 &#8211; Pierrefeu du Var (83)<\/li>\n\n\n\n<li>05\/08\/2026 &#8211; Lan\u00e7on de Provence (13)<\/li>\n\n\n\n<li>01\/08\/2026 &#8211; Saint Ours (63)<\/li>\n\n\n\n<li>31\/07\/2026 &#8211; Trets (13)<\/li>\n\n\n\n<li>25\/07\/2026 &#8211; Dieulefit (26)<\/li>\n\n\n\n<li>24\/07\/2026 &#8211; Mollans sur Ouv\u00e8ze (26)<\/li>\n\n\n\n<li>23\/07\/2026 &#8211; Mormoiron (84)<\/li>\n\n\n\n<li>22\/07\/2026 &#8211; Saint Cannat (13)<\/li>\n\n\n\n<li>06\/07\/2026 &#8211; Dolus d&#8217;Ol\u00e9ron (17)<\/li>\n\n\n\n<li>04\/07\/2026 &#8211;&nbsp;Limas (69)<\/li>\n\n\n\n<li>27\/06\/2026 &#8211; Bourg en Bresse (01) &#8211; Retro Folies<\/li>\n\n\n\n<li>21\/06\/2026 &#8211; L&#8217;Arbresle (69)<\/li>\n\n\n\n<li>20\/06\/2026 &#8211; Gradignan (33)<\/li>\n\n\n\n<li>06\/06\/2026 &#8211; Plan de Cuques (13)<\/li>\n\n\n\n<li>27\/03\/2026 &#8211; Amplepuis (69)&nbsp;<em>Concert priv\u00e9<\/em><\/li>\n\n\n\n<li>14\/02\/2026 &#8211; Saint Symphorien sur Coise (69)<\/li>\n\n\n\n<li>31\/01\/2026 &#8211; Saint Clair du Rh\u00f4ne (69)<\/li>\n<\/ul>\n\n\n\n<h1 class=\"wp-block-heading\">2025<\/h1>\n\n\n\n<ul class=\"wp-block-list\">\n<li>28\/11 &#8211; Sadirac (33)<\/li>\n\n\n\n<li>07\/09 &#8211; Beaumes de Venise (84)<\/li>\n\n\n\n<li>21\/08 &#8211; Les Rendez Vous du lac &#8211; Marseille (13)<\/li>\n\n\n\n<li>06\/08 &#8211; Lons le Saunier (39)<\/li>\n\n\n\n<li>04\/08 &#8211; Jonqui\u00e8res (84)<\/li>\n\n\n\n<li>03\/08 &#8211; Banon (04)<\/li>\n\n\n\n<li>02\/08 &#8211; Bormes les Mimosas (83)<\/li>\n\n\n\n<li>10\/07 &#8211; Les P&#8217;tits Jeudis#6 &#8211; Essert (90)<\/li>\n\n\n\n<li>28\/06 &#8211; Pomeys (69)<\/li>\n\n\n\n<li>21\/06 &#8211; Craponne (69)<\/li>\n\n\n\n<li>20\/06 &#8211; Etang Sur Arroux (71)<\/li>\n\n\n\n<li>13\/06 &#8211; Chateau du Rozier &#8211; Feurs (42)<\/li>\n\n\n\n<li>23\/05 &#8211; Soir\u00e9e Priv\u00e9e &#8211; Dardilly (69)<\/li>\n<\/ul>\n\n\n\n<h1 class=\"wp-block-heading\">2024<\/h1>\n\n\n\n<ul class=\"wp-block-list\">\n<li>19\/12\/2024 &#8211; Lyon (69)<\/li>\n\n\n\n<li>23\/11\/2024 &#8211; Bellegarde en Forez (42)<\/li>\n\n\n\n<li>20\/11\/2024 &#8211; Les Sarmentelles &#8211; Beaujeu (69)<\/li>\n\n\n\n<li>19\/10\/2024 &#8211; Le Sillon &#8211; Boulange (57)<\/li>\n\n\n\n<li>18\/10\/2024 &#8211; Bar Rock &#8211; Sainte Menehould (51)<\/li>\n\n\n\n<li>18\/10\/2024 &#8211; Lyc\u00e9e &#8211; Belfort (90)<\/li>\n\n\n\n<li>17\/10\/2024 &#8211; Pinky Bay &#8211; Nommay (25)<\/li>\n\n\n\n<li>04\/10\/2024 &#8211; Soir\u00e9e priv\u00e9e &#8211; Tassin (69)<\/li>\n\n\n\n<li>01\/09\/2024 &#8211; Foodtruck Festival \u2013 Avoine (37)<\/li>\n\n\n\n<li>02\/08\/2024 &#8211; Casino &#8211; Pougues Les Eaux (58)<\/li>\n\n\n\n<li>27\/07\/2024 &#8211; Ninkasi &#8211; Tarare (69)<\/li>\n\n\n\n<li>25\/07\/2024 &#8211; Montbrison (42)<\/li>\n\n\n\n<li>19\/07\/2024 &#8211; Chamonix (74)<\/li>\n\n\n\n<li>22\/06\/2024 &#8211; F\u00eate de la musique \u2013 Beaurepaire(38)<\/li>\n\n\n\n<li>14\/06\/2024 &#8211; Ninkasi \u2013 Villefranche sur Sa\u00f4ne (69)<\/li>\n\n\n\n<li>27\/04\/2024 &#8211; L\u2019Embarcad\u00e8re \u2013 Vorey (43)<\/li>\n\n\n\n<li>03\/02\/2024 &#8211; Le Troyes Fois Plus &#8211; Troyes (10)<\/li>\n<\/ul>\n\n\n\n<h2 class=\"wp-block-heading\">2023<\/h2>\n\n\n\n<ul class=\"wp-block-list\">\n<li>09\/11\/2023 &#8211; La Farlodoise &#8211; Chazelle sur Lyon (42)<\/li>\n\n\n\n<li>02\/09\/2023 &#8211; Mariage &#8211; Saint Denis (93)<\/li>\n\n\n\n<li>14\/08\/2023 &#8211;  Casino de Pougues les Eaux &#8211; Pougues les Eaux (58)<\/li>\n\n\n\n<li>05\/05\/2023 &#8211; Foodtruck Festival &#8211; Buxerolles (86)<\/li>\n\n\n\n<li>28\/04\/2023 &#8211; Chapiteau &#8211; Saint Symphorien sur Coise (69)<\/li>\n\n\n\n<li>04\/03\/2023 &#8211; Soir\u00e9e Priv\u00e9e &#8211; Fleurieux sur Sa\u00f4ne (69)<\/li>\n\n\n\n<li>17\/02\/2023 &#8211; Ninkasi &#8211; Tarare (69)<\/li>\n<\/ul>\n\n\n\n<h2 class=\"wp-block-heading\">2022<\/h2>\n\n\n\n<ul class=\"wp-block-list\">\n<li>08\/12\/2022 &#8211; Soir\u00e9e Priv\u00e9e &#8211; Massieux (01)<\/li>\n\n\n\n<li>02\/08\/2022 &#8211; les Mardis du Lac &#8211; Cublize (69)<\/li>\n\n\n\n<li>29\/07\/2022 &#8211; Th\u00e9\u00e2tre de verdure &#8211; Mollans sur Ouv\u00e8ze (26)<\/li>\n\n\n\n<li>04\/03\/2022 &#8211; Cabaret L&#8217;\u00e9l\u00e9gance &#8211; Renaison (42)<\/li>\n<\/ul>\n\n\n\n<h2 class=\"wp-block-heading\">2021<\/h2>\n\n\n\n<ul class=\"wp-block-list\">\n<li>10\/09\/2021 &#8211; Ninkasi &#8211; Tarare (69)<\/li>\n\n\n\n<li>14\/08\/2021 &#8211; Chateau du Rozier &#8211; Feurs (42)<\/li>\n<\/ul>\n\n\n\n<p><\/p>\n","protected":false},"excerpt":{"rendered":"<p>2026 2025 2024 2023 2022 2021<\/p>\n","protected":false},"author":1,"featured_media":0,"parent":0,"menu_order":0,"comment_status":"closed","ping_status":"closed","template":"","meta":{"site-sidebar-layout":"default","site-content-layout":"","ast-site-content-layout":"","site-content-style":"default","site-sidebar-style":"default","ast-global-header-display":"","ast-banner-title-visibility":"","ast-main-header-display":"","ast-hfb-above-header-display":"","ast-hfb-below-header-display":"","ast-hfb-mobile-header-display":"","site-post-title":"disabled","ast-breadcrumbs-content":"","ast-featured-img":"","footer-sml-layout":"","theme-transparent-header-meta":"","adv-header-id-meta":"","stick-header-meta":"","header-above-stick-meta":"","header-main-stick-meta":"","header-below-stick-meta":"","astra-migrate-meta-layouts":"default","ast-page-background-enabled":"default","ast-page-background-meta":{"desktop":{"background-color":"var(--ast-global-color-4)","background-image":"","background-repeat":"repeat","background-position":"center center","background-size":"auto","background-attachment":"scroll","background-type":"","background-media":"","overlay-type":"","overlay-color":"","overlay-opacity":"","overlay-gradient":""},"tablet":{"background-color":"","background-image":"","background-repeat":"repeat","background-position":"center center","background-size":"auto","background-attachment":"scroll","background-type":"","background-media":"","overlay-type":"","overlay-color":"","overlay-opacity":"","overlay-gradient":""},"mobile":{"background-color":"","background-image":"","background-repeat":"repeat","background-position":"center center","background-size":"auto","background-attachment":"scroll","background-type":"","background-media":"","overlay-type":"","overlay-color":"","overlay-opacity":"","overlay-gradient":""}},"ast-content-background-meta":{"desktop":{"background-color":"var(--ast-global-color-5)","background-image":"","background-repeat":"repeat","background-position":"center center","background-size":"auto","background-attachment":"scroll","background-type":"","background-media":"","overlay-type":"","overlay-color":"","overlay-opacity":"","overlay-gradient":""},"tablet":{"background-color":"var(--ast-global-color-5)","background-image":"","background-repeat":"repeat","background-position":"center center","background-size":"auto","background-attachment":"scroll","background-type":"","background-media":"","overlay-type":"","overlay-color":"","overlay-opacity":"","overlay-gradient":""},"mobile":{"background-color":"var(--ast-global-color-5)","background-image":"","background-repeat":"repeat","background-position":"center center","background-size":"auto","background-attachment":"scroll","background-type":"","background-media":"","overlay-type":"","overlay-color":"","overlay-opacity":"","overlay-gradient":""}},"footnotes":""},"class_list":["post-104","page","type-page","status-publish","hentry"],"_links":{"self":[{"href":"https:\/\/getthebeatlesback.com\/index.php\/wp-json\/wp\/v2\/pages\/104","targetHints":{"allow":["GET"]}}],"collection":[{"href":"https:\/\/getthebeatlesback.com\/index.php\/wp-json\/wp\/v2\/pages"}],"about":[{"href":"https:\/\/getthebeatlesback.com\/index.php\/wp-json\/wp\/v2\/types\/page"}],"author":[{"embeddable":true,"href":"https:\/\/getthebeatlesback.com\/index.php\/wp-json\/wp\/v2\/users\/1"}],"replies":[{"embeddable":true,"href":"https:\/\/getthebeatlesback.com\/index.php\/wp-json\/wp\/v2\/comments?post=104"}],"version-history":[{"count":40,"href":"https:\/\/getthebeatlesback.com\/index.php\/wp-json\/wp\/v2\/pages\/104\/revisions"}],"predecessor-version":[{"id":450,"href":"https:\/\/getthebeatlesback.com\/index.php\/wp-json\/wp\/v2\/pages\/104\/revisions\/450"}],"wp:attachment":[{"href":"https:\/\/getthebeatlesback.com\/index.php\/wp-json\/wp\/v2\/media?parent=104"}],"curies":[{"name":"wp","href":"https:\/\/api.w.org\/{rel}","templated":true}]}}